{"id":8,"date":"2022-05-10T07:48:44","date_gmt":"2022-05-10T10:48:44","guid":{"rendered":"https:\/\/demosites.royal-elementor-addons.com\/pet-care-v1\/?page_id=8"},"modified":"2024-05-13T10:39:10","modified_gmt":"2024-05-13T13:39:10","slug":"home-pet-care-v1","status":"publish","type":"page","link":"https:\/\/bepimataruco.com.br\/","title":{"rendered":"Home"},"content":{"rendered":"<ul>\n<li>\n<p>        <img decoding=\"async\" src=\"\/wp-content\/uploads\/2024\/05\/0038-copy-scaled.jpg\" alt=\"\"><\/p>\n<\/li>\n<li>\n<p>        <img decoding=\"async\" src=\"\/wp-content\/uploads\/2024\/05\/0150-b-scaled.jpg\" alt=\"\"><\/p>\n<\/li>\n<li>\n<p>        <img decoding=\"async\" src=\"\/wp-content\/uploads\/2024\/05\/0123-b-scaled.jpg\" alt=\"\"><\/p>\n<\/li>\n<li>\n<p>        <img decoding=\"async\" src=\"\/wp-content\/uploads\/2024\/05\/0054-c-scaled.jpg\" alt=\"\"><\/p>\n<\/li>\n<\/ul>\n<div>\n<h1>Hist\u00f3ria de fam\u00edlia<\/h1>\n<div>\n<p>Em 1985, nascia a Bepi Mataruco, uma marca da Alimentos Sumar\u00e9, apaixonada por valorizar a cultura da mandioca. Somos uma empresa familiar, guiada por seis imr\u00e3os, que herdaram a tradi\u00e7\u00e3o dos pioneiros no Noroeste do Paran\u00e1<\/p>\n<\/div>\n<\/div>\n<h2>Cultivando tradi\u00e7\u00e3o, colhendo qualidade, nutrindo a satisfa\u00e7\u00e3o!<\/h2>\n<h2>Farinha de mandioca brasileira<\/h2>\n<ul>\n<li>\n<p>        <img decoding=\"async\" src=\"\/wp-content\/uploads\/2024\/05\/DSC01603-scaled.jpg\" alt=\"\"><\/p>\n<h3>Torrada<\/h3>\n<div>\n<p><span>A Farinha de Mandioca Torrada Bepi Matarucco real\u00e7a o sabor das receitas com sua croc\u00e2ncia, ideal para farofas e diversas receitas.<\/span><\/p>\n<\/div>\n<\/li>\n<li>\n<p>        <img decoding=\"async\" src=\"\/wp-content\/uploads\/2024\/05\/DSC01630-scaled.jpg\" alt=\"\"><\/p>\n<h3>Tradicional<\/h3>\n<div>\n<p><span>Essencial na cozinha, a Farinha de Mandioca Tradicional Bepi Matarucco traz sabor e textura que complementam qualquer prato.<\/span><\/p>\n<\/div>\n<\/li>\n<li>\n<p>        <img decoding=\"async\" src=\"\/wp-content\/uploads\/2024\/05\/DSC01638-scaled.jpg\" alt=\"\"><\/p>\n<h3>Panific\u00e1vel<\/h3>\n<div>\n<p><span>Substitua a farinha de trigo pela Farinha de Mandioca Panific\u00e1vel para receitas sem gl\u00faten, mantendo sabor e textura ideais.<\/span><\/p>\n<\/div>\n<\/li>\n<li>\n<p>        <img decoding=\"async\" src=\"\/wp-content\/uploads\/2024\/05\/DSC01643-scaled.jpg\" alt=\"\"><\/p>\n<h3>Especial<\/h3>\n<div>\n<p><span>Leve e fina, a Farinha Especial \u00e9 perfeita para pratos delicados, enriquecendo sabores sem pesar.<\/span><\/p>\n<\/div>\n<\/li>\n<\/ul>\n<ul>\n<li>\n<h3>Nossa miss\u00e3o<\/h3>\n<div>\n<p>Acolher nossos clientes e colaboradores como uma fam\u00edlia.<\/p>\n<\/div>\n<\/li>\n<li>\n<h3>Nossa vis\u00e3o<\/h3>\n<div>\n<p>Buscar o aperfei\u00e7oamento no ramo de farinha de mandioca, oferecendo seguran\u00e7a e produto de alta qualidade, promovendo a satisfa\u00e7\u00e3o de clientes e colaboradores, respeitando o meio ambiente e a comunidade.<\/p>\n<\/div>\n<\/li>\n<li>\n<h3>Nossos valores<\/h3>\n<div>\n<p><span>Qualidade &#8211; \u00c9tica e transpar\u00eancia &#8211; Inova\u00e7\u00e3o &#8211; Prezar pelo meio ambiente &#8211; Excel\u00eancia com simplicidade<\/span><\/p>\n<\/div>\n<\/li>\n<\/ul>\n<h2>Entre em contato<\/h2>\n<p><!--more--><br \/>\n<!-- {\"type\":\"layout\",\"children\":[{\"type\":\"section\",\"props\":{\"header_transparent\":\"light\",\"image_position\":\"center-center\",\"overlap\":false,\"style\":\"secondary\",\"title_breakpoint\":\"xl\",\"title_position\":\"top-left\",\"title_rotation\":\"left\",\"vertical_align\":\"middle\",\"width\":\"default\"},\"children\":[{\"type\":\"row\",\"children\":[{\"type\":\"column\",\"props\":{\"image_position\":\"center-center\",\"position_sticky_breakpoint\":\"m\",\"width_medium\":\"1-2\"},\"children\":[{\"type\":\"slideshow\",\"props\":{\"css\":\".el-item, .el-image {\\n    border-radius: 10px;\\n}\",\"link_style\":\"default\",\"link_text\":\"Read more\",\"margin\":\"default\",\"meta_align\":\"below-title\",\"meta_element\":\"div\",\"meta_style\":\"text-meta\",\"nav\":\"dotnav\",\"nav_align\":\"center\",\"nav_breakpoint\":\"s\",\"nav_position\":\"bottom-center\",\"nav_position_margin\":\"medium\",\"overlay_animation\":\"parallax\",\"overlay_position\":\"center-left\",\"show_content\":true,\"show_link\":true,\"show_meta\":true,\"show_thumbnail\":true,\"show_title\":true,\"slidenav\":\"default\",\"slidenav_breakpoint\":\"s\",\"slidenav_margin\":\"medium\",\"slidenav_outside_breakpoint\":\"xl\",\"slideshow_autoplay\":true,\"slideshow_autoplay_interval\":\"3\",\"slideshow_autoplay_pause\":true,\"slideshow_min_height\":300,\"thumbnav_height\":\"75\",\"thumbnav_svg_color\":\"emphasis\",\"thumbnav_width\":\"100\",\"title_element\":\"h3\"},\"children\":[{\"type\":\"slideshow_item\",\"props\":{\"image\":\"wp-content\\\/uploads\\\/2024\\\/05\\\/0038-copy-scaled.jpg\"}},{\"type\":\"slideshow_item\",\"props\":{\"image\":\"wp-content\\\/uploads\\\/2024\\\/05\\\/0150-b-scaled.jpg\"}},{\"type\":\"slideshow_item\",\"props\":{\"image\":\"wp-content\\\/uploads\\\/2024\\\/05\\\/0123-b-scaled.jpg\"}},{\"type\":\"slideshow_item\",\"props\":{\"image\":\"wp-content\\\/uploads\\\/2024\\\/05\\\/0054-c-scaled.jpg\"}}]}]},{\"type\":\"column\",\"props\":{\"image_position\":\"center-center\",\"position_sticky_breakpoint\":\"m\",\"vertical_align\":\"middle\",\"width_medium\":\"1-2\"},\"children\":[{\"type\":\"panel\",\"props\":{\"content\":\"\n\n<p>Em 1985, nascia a Bepi Mataruco, uma marca da Alimentos Sumar\\u00e9, apaixonada por valorizar a cultura da mandioca. Somos uma empresa familiar, guiada por seis imr\\u00e3os, que herdaram a tradi\\u00e7\\u00e3o dos pioneiros no Noroeste do Paran\\u00e1<\\\/p>\",\"content_column_breakpoint\":\"m\",\"icon_width\":80,\"image_align\":\"top\",\"image_grid_breakpoint\":\"m\",\"image_grid_width\":\"1-2\",\"image_svg_color\":\"emphasis\",\"link_style\":\"default\",\"link_text\":\"Read more\",\"margin\":\"default\",\"meta_align\":\"below-title\",\"meta_element\":\"div\",\"meta_style\":\"text-meta\",\"title\":\"Hist\\u00f3ria de fam\\u00edlia\",\"title_align\":\"top\",\"title_element\":\"h1\",\"title_grid_breakpoint\":\"m\",\"title_grid_width\":\"1-2\",\"title_hover_style\":\"reset\"}}]}],\"props\":{\"layout\":\"1-2,1-2\"}}]},{\"type\":\"section\",\"props\":{\"image_position\":\"center-center\",\"style\":\"primary\",\"title_breakpoint\":\"xl\",\"title_position\":\"top-left\",\"title_rotation\":\"left\",\"vertical_align\":\"middle\",\"width\":\"default\"},\"children\":[{\"type\":\"row\",\"children\":[{\"type\":\"column\",\"props\":{\"image_position\":\"center-center\",\"position_sticky_breakpoint\":\"m\"},\"children\":[{\"type\":\"headline\",\"props\":{\"content\":\"Cultivando tradi\\u00e7\\u00e3o, colhendo qualidade, nutrindo a satisfa\\u00e7\\u00e3o!\",\"text_align\":\"center\",\"title_element\":\"h2\"}}]}]}]},{\"type\":\"section\",\"props\":{\"id\":\"produtos\",\"image_position\":\"center-center\",\"style\":\"default\",\"title_breakpoint\":\"xl\",\"title_position\":\"top-left\",\"title_rotation\":\"left\",\"vertical_align\":\"middle\",\"width\":\"default\"},\"children\":[{\"type\":\"row\",\"children\":[{\"type\":\"column\",\"props\":{\"image_position\":\"center-center\",\"position_sticky_breakpoint\":\"m\"},\"children\":[{\"type\":\"headline\",\"props\":{\"content\":\"Farinha de mandioca brasileira\",\"text_align\":\"center\",\"title_element\":\"h2\"}},{\"type\":\"grid\",\"props\":{\"content_column_breakpoint\":\"m\",\"content_margin\":\"remove\",\"css\":\".el-title {\\n    font-size: 24px;\\n}\",\"filter_align\":\"left\",\"filter_all\":true,\"filter_grid_breakpoint\":\"m\",\"filter_grid_width\":\"auto\",\"filter_position\":\"top\",\"filter_style\":\"tab\",\"grid_default\":\"1\",\"grid_divider\":false,\"grid_large\":\"4\",\"grid_medium\":\"3\",\"grid_small\":\"2\",\"icon_width\":80,\"image_align\":\"top\",\"image_border\":\"rounded\",\"image_grid_breakpoint\":\"m\",\"image_grid_width\":\"1-2\",\"image_svg_color\":\"emphasis\",\"item_animation\":true,\"link_style\":\"default\",\"link_text\":\"Read more\",\"margin\":\"default\",\"meta_align\":\"below-title\",\"meta_element\":\"div\",\"meta_margin\":\"small\",\"meta_style\":\"text-meta\",\"show_content\":true,\"show_image\":true,\"show_link\":true,\"show_meta\":true,\"show_title\":true,\"title_align\":\"top\",\"title_element\":\"h3\",\"title_grid_breakpoint\":\"m\",\"title_grid_width\":\"1-2\",\"title_hover_style\":\"reset\",\"title_margin\":\"small\"},\"children\":[{\"type\":\"grid_item\",\"props\":{\"content\":\"\n\n<p><span>A Farinha de Mandioca Torrada Bepi Matarucco real\\u00e7a o sabor das receitas com sua croc\\u00e2ncia, ideal para farofas e diversas receitas.<\\\/span><\\\/p>\",\"image\":\"wp-content\\\/uploads\\\/2024\\\/05\\\/DSC01603-scaled.jpg\",\"title\":\"Torrada\"}},{\"type\":\"grid_item\",\"props\":{\"content\":\"\n\n<p><span>Essencial na cozinha, a Farinha de Mandioca Tradicional Bepi Matarucco traz sabor e textura que complementam qualquer prato.<\\\/span><\\\/p>\",\"image\":\"wp-content\\\/uploads\\\/2024\\\/05\\\/DSC01630-scaled.jpg\",\"title\":\"Tradicional\"}},{\"type\":\"grid_item\",\"props\":{\"content\":\"\n\n<p><span>Substitua a farinha de trigo pela Farinha de Mandioca Panific\\u00e1vel para receitas sem gl\\u00faten, mantendo sabor e textura ideais.<\\\/span><\\\/p>\",\"image\":\"wp-content\\\/uploads\\\/2024\\\/05\\\/DSC01638-scaled.jpg\",\"title\":\"Panific\\u00e1vel\"}},{\"type\":\"grid_item\",\"props\":{\"content\":\"\n\n<p><span>Leve e fina, a Farinha Especial \\u00e9 perfeita para pratos delicados, enriquecendo sabores sem pesar.<\\\/span><\\\/p>\",\"image\":\"wp-content\\\/uploads\\\/2024\\\/05\\\/DSC01643-scaled.jpg\",\"title\":\"Especial\"}}]}]}]}]},{\"type\":\"section\",\"props\":{\"image_position\":\"center-center\",\"padding\":\"small\",\"style\":\"secondary\",\"title_breakpoint\":\"xl\",\"title_position\":\"top-left\",\"title_rotation\":\"left\",\"vertical_align\":\"middle\",\"width\":\"xsmall\"},\"children\":[{\"type\":\"row\",\"children\":[{\"type\":\"column\",\"props\":{\"image_position\":\"center-center\",\"position_sticky_breakpoint\":\"m\"},\"children\":[{\"type\":\"grid\",\"props\":{\"content_column_breakpoint\":\"m\",\"filter_align\":\"left\",\"filter_all\":true,\"filter_grid_breakpoint\":\"m\",\"filter_grid_width\":\"auto\",\"filter_position\":\"top\",\"filter_style\":\"tab\",\"grid_default\":\"1\",\"grid_medium\":\"1\",\"icon_width\":80,\"image_align\":\"top\",\"image_grid_breakpoint\":\"m\",\"image_grid_width\":\"1-2\",\"image_svg_color\":\"emphasis\",\"item_animation\":true,\"link_style\":\"default\",\"link_text\":\"Read more\",\"margin\":\"default\",\"meta_align\":\"below-title\",\"meta_element\":\"div\",\"meta_style\":\"text-meta\",\"show_content\":true,\"show_image\":true,\"show_link\":true,\"show_meta\":true,\"show_title\":true,\"title_align\":\"top\",\"title_element\":\"h3\",\"title_grid_breakpoint\":\"m\",\"title_grid_width\":\"1-2\",\"title_hover_style\":\"reset\"},\"children\":[{\"type\":\"grid_item\",\"props\":{\"content\":\"\n\n<p>Acolher nossos clientes e colaboradores como uma fam\\u00edlia.<\\\/p>\",\"title\":\"Nossa miss\\u00e3o\"}},{\"type\":\"grid_item\",\"props\":{\"content\":\"\n\n<p>Buscar o aperfei\\u00e7oamento no ramo de farinha de mandioca, oferecendo seguran\\u00e7a e produto de alta qualidade, promovendo a satisfa\\u00e7\\u00e3o de clientes e colaboradores, respeitando o meio ambiente e a comunidade.<\\\/p>\",\"title\":\"Nossa vis\\u00e3o\"}},{\"type\":\"grid_item\",\"props\":{\"content\":\"\n\n<p><span>Qualidade - \\u00c9tica e transpar\\u00eancia - Inova\\u00e7\\u00e3o - Prezar pelo meio ambiente - Excel\\u00eancia com simplicidade<\\\/span><\\\/p>\",\"title\":\"Nossos valores\"}}]}]}]}]},{\"type\":\"section\",\"props\":{\"id\":\"contato\",\"image_position\":\"center-center\",\"style\":\"primary\",\"title_breakpoint\":\"xl\",\"title_position\":\"top-left\",\"title_rotation\":\"left\",\"vertical_align\":\"middle\",\"width\":\"default\"},\"children\":[{\"type\":\"row\",\"children\":[{\"type\":\"column\",\"props\":{\"image_position\":\"center-center\",\"position_sticky_breakpoint\":\"m\"},\"children\":[{\"type\":\"headline\",\"props\":{\"content\":\"Entre em contato\",\"text_align\":\"center\",\"title_element\":\"h2\"}}]}]}]}],\"version\":\"4.0.11\"} --><\/p>\n","protected":false},"excerpt":{"rendered":"<p>Hist\u00f3ria de fam\u00edlia Em 1985, nascia a Bepi Mataruco, uma marca da Alimentos Sumar\u00e9, apaixonada por valorizar a cultura da mandioca. Somos uma empresa familiar, guiada por seis imr\u00e3os, que herdaram a tradi\u00e7\u00e3o dos pioneiros no Noroeste do Paran\u00e1 Cultivando tradi\u00e7\u00e3o, colhendo qualidade, nutrindo a satisfa\u00e7\u00e3o! Farinha de mandioca brasileira Torrada A Farinha de Mandioca [&hellip;]<\/p>\n","protected":false},"author":1,"featured_media":0,"parent":0,"menu_order":0,"comment_status":"closed","ping_status":"closed","template":"elementor_canvas","meta":{"footnotes":""},"class_list":["post-8","page","type-page","status-publish","hentry"],"_links":{"self":[{"href":"https:\/\/bepimataruco.com.br\/index.php\/wp-json\/wp\/v2\/pages\/8","targetHints":{"allow":["GET"]}}],"collection":[{"href":"https:\/\/bepimataruco.com.br\/index.php\/wp-json\/wp\/v2\/pages"}],"about":[{"href":"https:\/\/bepimataruco.com.br\/index.php\/wp-json\/wp\/v2\/types\/page"}],"author":[{"embeddable":true,"href":"https:\/\/bepimataruco.com.br\/index.php\/wp-json\/wp\/v2\/users\/1"}],"replies":[{"embeddable":true,"href":"https:\/\/bepimataruco.com.br\/index.php\/wp-json\/wp\/v2\/comments?post=8"}],"version-history":[{"count":56,"href":"https:\/\/bepimataruco.com.br\/index.php\/wp-json\/wp\/v2\/pages\/8\/revisions"}],"predecessor-version":[{"id":975,"href":"https:\/\/bepimataruco.com.br\/index.php\/wp-json\/wp\/v2\/pages\/8\/revisions\/975"}],"wp:attachment":[{"href":"https:\/\/bepimataruco.com.br\/index.php\/wp-json\/wp\/v2\/media?parent=8"}],"curies":[{"name":"wp","href":"https:\/\/api.w.org\/{rel}","templated":true}]}}